{"id":59,"date":"2020-03-09T10:38:40","date_gmt":"2020-03-09T10:38:40","guid":{"rendered":"http:\/\/ballettschule.bplaced.net\/ballett\/?page_id=59"},"modified":"2023-10-09T15:35:23","modified_gmt":"2023-10-09T15:35:23","slug":"raumlichkeiten","status":"publish","type":"page","link":"http:\/\/www.ballettschuleirmi.com\/?page_id=59","title":{"rendered":"R\u00c4UMLICHKEITEN"},"content":{"rendered":"\n<p class=\"has-text-align-center\"> Suchen Sie nach einem geeigneten Raum f\u00fcr Ihre Kurse?<br>Dann k\u00f6nnen Sie gerne unseren Ballettsaal mieten: <\/p>\n\n\n\n<style id=\"bwg-style-0\">    #bwg_container1_0 #bwg_container2_0 .bwg-container-0.bwg-standard-thumbnails {      width: 1254px;              justify-content: center;        margin:0 auto !important;              background-color: rgba(255, 255, 255, 0.00);            padding-left: 4px;      padding-top: 4px;      max-width: 100%;            }        #bwg_container1_0 #bwg_container2_0 .bwg-container-0.bwg-standard-thumbnails .bwg-item {    justify-content: flex-start;      max-width: 250px;          }    #bwg_container1_0 #bwg_container2_0 .bwg-container-0.bwg-standard-thumbnails .bwg-item a {       margin-right: 4px;       margin-bottom: 4px;    }    #bwg_container1_0 #bwg_container2_0 .bwg-container-0.bwg-standard-thumbnails .bwg-item0 {      padding: 0px;            background-color:rgba(0,0,0, 0.30);      border: 0px none #CCCCCC;      opacity: 1.00;      border-radius: 0;      box-shadow: ;    }    #bwg_container1_0 #bwg_container2_0 .bwg-container-0.bwg-standard-thumbnails .bwg-item1 img {      max-height: none;      max-width: none;      padding: 0 !important;    }         @media only screen and (min-width: 480px) {\t\t#bwg_container1_0 #bwg_container2_0 .bwg-container-0.bwg-standard-thumbnails .bwg-item1 img {\t\t\t-webkit-transition: all .3s; transition: all .3s;\t\t}\t\t#bwg_container1_0 #bwg_container2_0 .bwg-container-0.bwg-standard-thumbnails .bwg-item1 img:hover {\t\t\t-ms-transform: scale(1.08);\t\t\t-webkit-transform: scale(1.08);\t\t\ttransform: scale(1.08);\t\t}\t\t      }\t    #bwg_container1_0 #bwg_container2_0 .bwg-container-0.bwg-standard-thumbnails .bwg-item1 {      padding-top: 56%;    }        #bwg_container1_0 #bwg_container2_0 .bwg-container-0.bwg-standard-thumbnails .bwg-title2,    #bwg_container1_0 #bwg_container2_0 .bwg-container-0.bwg-standard-thumbnails .bwg-ecommerce2 {      color: #323A45;      font-family: Ubuntu;      font-size: 16px;      font-weight: bold;      padding: 2px;      text-shadow: ;      max-height: 100%;    }    #bwg_container1_0 #bwg_container2_0 .bwg-container-0.bwg-standard-thumbnails .bwg-thumb-description span {    color: #323A45;    font-family: Ubuntu;    font-size: 12px;    max-height: 100%;    word-wrap: break-word;    }    #bwg_container1_0 #bwg_container2_0 .bwg-container-0.bwg-standard-thumbnails .bwg-play-icon2 {      font-size: 32px;    }    #bwg_container1_0 #bwg_container2_0 .bwg-container-0.bwg-standard-thumbnails .bwg-ecommerce2 {      font-size: 19.2px;      color: #323A45;    }    <\/style>    <div id=\"bwg_container1_0\"         class=\"bwg_container bwg_thumbnail bwg_thumbnails \"         data-right-click-protection=\"0\"         data-bwg=\"0\"         data-scroll=\"0\"         data-gallery-type=\"thumbnails\"         data-gallery-view-type=\"thumbnails\"         data-current-url=\"\/index.php?rest_route=%2Fwp%2Fv2%2Fpages%2F59\"         data-lightbox-url=\"http:\/\/www.ballettschuleirmi.com\/wp-admin\/admin-ajax.php?action=GalleryBox&#038;current_view=0&#038;gallery_id=3&#038;tag=0&#038;theme_id=1&#038;shortcode_id=7&#038;sort_by=order&#038;order_by=asc&#038;current_url=%2Findex.php%3Frest_route%3D%252Fwp%252Fv2%252Fpages%252F59\"         data-gallery-id=\"3\"         data-popup-width=\"800\"         data-popup-height=\"500\"         data-is-album=\"gallery\"         data-buttons-position=\"bottom\">      <div id=\"bwg_container2_0\">             <div id=\"ajax_loading_0\" class=\"bwg_loading_div_1\">      <div class=\"bwg_loading_div_2\">        <div class=\"bwg_loading_div_3\">          <div id=\"loading_div_0\" class=\"bwg_spider_ajax_loading\">          <\/div>        <\/div>      <\/div>    <\/div>            <form id=\"gal_front_form_0\"              class=\"bwg-hidden\"              method=\"post\"              action=\"#\"              data-current=\"0\"              data-shortcode-id=\"7\"              data-gallery-type=\"thumbnails\"              data-gallery-id=\"3\"              data-tag=\"0\"              data-album-id=\"0\"              data-theme-id=\"1\"              data-ajax-url=\"http:\/\/www.ballettschuleirmi.com\/wp-admin\/admin-ajax.php?action=bwg_frontend_data\">          <div id=\"bwg_container3_0\" class=\"bwg-background bwg-background-0\">                <div data-max-count=\"5\"         data-thumbnail-width=\"250\"         data-bwg=\"0\"         data-gallery-id=\"3\"         data-lightbox-url=\"http:\/\/www.ballettschuleirmi.com\/wp-admin\/admin-ajax.php?action=GalleryBox&amp;current_view=0&amp;gallery_id=3&amp;tag=0&amp;theme_id=1&amp;shortcode_id=7&amp;sort_by=order&amp;order_by=asc&amp;current_url=%2Findex.php%3Frest_route%3D%252Fwp%252Fv2%252Fpages%252F59\"         id=\"bwg_thumbnails_0\"         class=\"bwg-container-0 bwg-thumbnails bwg-standard-thumbnails bwg-container bwg-border-box\">            <div class=\"bwg-item\">        <a class=\"bwg-a  bwg_lightbox\"  data-image-id=\"23\" href=\"http:\/\/www.ballettschuleirmi.com\/wp-content\/uploads\/photo-gallery\/imported_from_media_libray\/P9183817.jpg?bwg=1592404455\" data-elementor-open-lightbox=\"no\">                <div class=\"bwg-item0 \">          <div class=\"bwg-item1 \">            <div class=\"bwg-item2\">              <img class=\"skip-lazy bwg_standart_thumb_img_0 \"                   data-id=\"23\"                   data-width=\"500\"                   data-height=\"375\"                   data-src=\"http:\/\/www.ballettschuleirmi.com\/wp-content\/uploads\/photo-gallery\/imported_from_media_libray\/thumb\/P9183817.jpg?bwg=1592404455\"                   src=\"http:\/\/www.ballettschuleirmi.com\/wp-content\/uploads\/photo-gallery\/imported_from_media_libray\/thumb\/P9183817.jpg?bwg=1592404455\"                   alt=\"\"                   title=\"\" \/>            <\/div>            <div class=\"\">                                                      <\/div>          <\/div>        <\/div>                        <\/a>              <\/div>            <div class=\"bwg-item\">        <a class=\"bwg-a  bwg_lightbox\"  data-image-id=\"22\" href=\"http:\/\/www.ballettschuleirmi.com\/wp-content\/uploads\/photo-gallery\/imported_from_media_libray\/P9183814.jpg?bwg=1592404455\" data-elementor-open-lightbox=\"no\">                <div class=\"bwg-item0 \">          <div class=\"bwg-item1 \">            <div class=\"bwg-item2\">              <img class=\"skip-lazy bwg_standart_thumb_img_0 \"                   data-id=\"22\"                   data-width=\"500\"                   data-height=\"375\"                   data-src=\"http:\/\/www.ballettschuleirmi.com\/wp-content\/uploads\/photo-gallery\/imported_from_media_libray\/thumb\/P9183814.jpg?bwg=1592404455\"                   src=\"http:\/\/www.ballettschuleirmi.com\/wp-content\/uploads\/photo-gallery\/imported_from_media_libray\/thumb\/P9183814.jpg?bwg=1592404455\"                   alt=\"\"                   title=\"\" \/>            <\/div>            <div class=\"\">                                                      <\/div>          <\/div>        <\/div>                        <\/a>              <\/div>            <div class=\"bwg-item\">        <a class=\"bwg-a  bwg_lightbox\"  data-image-id=\"21\" href=\"http:\/\/www.ballettschuleirmi.com\/wp-content\/uploads\/photo-gallery\/imported_from_media_libray\/P9183811.jpg?bwg=1592404455\" data-elementor-open-lightbox=\"no\">                <div class=\"bwg-item0 \">          <div class=\"bwg-item1 \">            <div class=\"bwg-item2\">              <img class=\"skip-lazy bwg_standart_thumb_img_0 \"                   data-id=\"21\"                   data-width=\"500\"                   data-height=\"375\"                   data-src=\"http:\/\/www.ballettschuleirmi.com\/wp-content\/uploads\/photo-gallery\/imported_from_media_libray\/thumb\/P9183811.jpg?bwg=1592404455\"                   src=\"http:\/\/www.ballettschuleirmi.com\/wp-content\/uploads\/photo-gallery\/imported_from_media_libray\/thumb\/P9183811.jpg?bwg=1592404455\"                   alt=\"\"                   title=\"\" \/>            <\/div>            <div class=\"\">                                                      <\/div>          <\/div>        <\/div>                        <\/a>              <\/div>          <\/div>    <style>      \/*pagination styles*\/      #bwg_container1_0 #bwg_container2_0 .tablenav-pages_0 {\t\t\t\ttext-align: center;\t\t\t\tfont-size: 12px;\t\t\t\tfont-family: Ubuntu;\t\t\t\tfont-weight: bold;\t\t\t\tcolor: #666666;\t\t\t\tmargin: 6px 0 4px;\t\t\t\tdisplay: block;      }      @media only screen and (max-width : 320px) {      #bwg_container1_0 #bwg_container2_0 .displaying-num_0 {     \t display: none;      }      }      #bwg_container1_0 #bwg_container2_0 .displaying-num_0 {\t\t\t\tfont-size: 12px;\t\t\t\tfont-family: Ubuntu;\t\t\t\tfont-weight: bold;\t\t\t\tcolor: #666666;\t\t\t\tmargin-right: 10px;\t\t\t\tvertical-align: middle;      }      #bwg_container1_0 #bwg_container2_0 .paging-input_0 {\t\t\t\tfont-size: 12px;\t\t\t\tfont-family: Ubuntu;\t\t\t\tfont-weight: bold;\t\t\t\tcolor: #666666;\t\t\t\tvertical-align: middle;      }      #bwg_container1_0 #bwg_container2_0 .tablenav-pages_0 a.disabled,      #bwg_container1_0 #bwg_container2_0 .tablenav-pages_0 a.disabled:hover,      #bwg_container1_0 #bwg_container2_0 .tablenav-pages_0 a.disabled:focus,\t\t\t#bwg_container1_0 #bwg_container2_0 .tablenav-pages_0 input.bwg_current_page {\t\t\t\tcursor: default;\t\t\t\tcolor: rgba(102, 102, 102, 0.5);      }      #bwg_container1_0 #bwg_container2_0 .tablenav-pages_0 a,      #bwg_container1_0 #bwg_container2_0 .tablenav-pages_0 input.bwg_current_page {\t\t\t\tcursor: pointer;\t\t\t\ttext-align: center;\t\t\t\tfont-size: 12px;\t\t\t\tfont-family: Ubuntu;\t\t\t\tfont-weight: bold;\t\t\t\tcolor: #666666;\t\t\t\ttext-decoration: none;\t\t\t\tpadding: 3px 6px;\t\t\t\tmargin: 0;\t\t\t\tborder-radius: 0;\t\t\t\tborder-style: solid;\t\t\t\tborder-width: 1px;\t\t\t\tborder-color: #E3E3E3;\t\t\t\t\t\t\t\tbackground-color: rgba(255, 255, 255, 1.00);\t\t\t\tbox-shadow: 0;\t\t\t\ttransition: all 0.3s ease 0s;-webkit-transition: all 0.3s ease 0s;      }      <\/style>      <span class=\"bwg_nav_cont_0\">              <div class=\"tablenav-pages_0\">                  <\/div>                <input type=\"hidden\" id=\"page_number_0\" name=\"page_number_0\" value=\"1\" \/>      <script type=\"text\/javascript\">        if( jQuery('.bwg_nav_cont_0').length > 1 ) {          jQuery('.bwg_nav_cont_0').first().remove()        }        function spider_page_0(cur, x, y, load_more) {          if (typeof load_more == \"undefined\") {            var load_more = false;          }          if (jQuery(cur).hasClass('disabled')) {            return false;          }          var items_county_0 = 1;          switch (y) {            case 1:              if (x >= items_county_0) {                document.getElementById('page_number_0').value = items_county_0;              }              else {                document.getElementById('page_number_0').value = x + 1;              }              break;            case 2:              document.getElementById('page_number_0').value = items_county_0;              break;            case -1:              if (x == 1) {                document.getElementById('page_number_0').value = 1;              }              else {                document.getElementById('page_number_0').value = x - 1;              }              break;            case -2:              document.getElementById('page_number_0').value = 1;              break;\t\t\t\t\t\tcase 0:              document.getElementById('page_number_0').value = x;              break;            default:              document.getElementById('page_number_0').value = 1;          }          bwg_ajax('gal_front_form_0', '0', 'bwg_thumbnails_0', '0', '', 'gallery', 0, '', '', load_more, '', 1);        }                    jQuery('.first-page-0').on('click', function () {              spider_page_0(this, 1, -2, 'numeric');              return false;            });            jQuery('.prev-page-0').on('click', function () {              spider_page_0(this, 1, -1, 'numeric');              return false;            });            jQuery('.next-page-0').on('click', function () {              spider_page_0(this, 1, 1, 'numeric');              return false;            });            jQuery('.last-page-0').on('click', function () {              spider_page_0(this, 1, 2, 'numeric');              return false;            });        \t\t\t\t\/* Change page on input enter. *\/        function bwg_change_page_0( e, that ) {          if (  e.key == 'Enter' ) {            var to_page = parseInt(jQuery(that).val());            var pages_count = jQuery(that).parents(\".pagination-links\").data(\"pages-count\");            var current_url_param = jQuery(that).attr('data-url-info');            if (to_page > pages_count) {              to_page = 1;            }\t \t\t\t\t\t\t\t\t\t\t\t\tspider_page_0(this, to_page, 0, 'numeric');\t\t\t\t\t\t\treturn false;\t\t\t\t\t\t          }          return true;        }        jQuery('.bwg_load_btn_0').on('click', function () {            spider_page_0(this, 1, 1, true);            return false;        });      <\/script>      <\/span>                <\/div>        <\/form>        <style>          #bwg_container1_0 #bwg_container2_0 #spider_popup_overlay_0 {          background-color: #EEEEEE;          opacity: 0.60;          }          <\/style>        <div id=\"bwg_spider_popup_loading_0\" class=\"bwg_spider_popup_loading\"><\/div>        <div id=\"spider_popup_overlay_0\" class=\"spider_popup_overlay\" onclick=\"spider_destroypopup(1000)\"><\/div>        <input type=\"hidden\" id=\"bwg_random_seed_0\" value=\"730637378\">                <\/div>    <\/div>    <script>      if (document.readyState === 'complete') {        if( typeof bwg_main_ready == 'function' ) {          if ( jQuery(\"#bwg_container1_0\").height() ) {            bwg_main_ready(jQuery(\"#bwg_container1_0\"));          }        }      } else {        document.addEventListener('DOMContentLoaded', function() {          if( typeof bwg_main_ready == 'function' ) {            if ( jQuery(\"#bwg_container1_0\").height() ) {             bwg_main_ready(jQuery(\"#bwg_container1_0\"));            }          }        });      }    <\/script>    \n\n\n\n<div style=\"height:20px\" aria-hidden=\"true\" class=\"wp-block-spacer\"><\/div>\n\n\n\n<p class=\"has-text-align-center\"> Der 120m\u00b2 gro\u00dfe Saal ist mit einem professionellen Schwungboden mit Tanzteppich, einer gro\u00dfen Spiegelfront, Ballettstangen und Musikanlage ausgestattet.<br><br>Garderobe und Sanit\u00e4ranlage stehen zur Verf\u00fcgung. <\/p>\n","protected":false},"excerpt":{"rendered":"<p>Suchen Sie nach einem geeigneten Raum f\u00fcr Ihre Kurse?Dann k\u00f6nnen Sie gerne unseren Ballettsaal mieten: Der 120m\u00b2 gro\u00dfe Saal ist mit einem professionellen Schwungboden mit Tanzteppich, einer gro\u00dfen Spiegelfront, Ballettstangen und Musikanlage ausgestattet. Garderobe und Sanit\u00e4ranlage stehen zur Verf\u00fcgung.<\/p>\n","protected":false},"author":1,"featured_media":0,"parent":0,"menu_order":0,"comment_status":"closed","ping_status":"closed","template":"","meta":{"footnotes":""},"yoast_head":"<!-- This site is optimized with the Yoast SEO plugin v21.3 - https:\/\/yoast.com\/wordpress\/plugins\/seo\/ -->\n<title>R\u00c4UMLICHKEITEN -<\/title>\n<meta name=\"robots\" content=\"index, follow, max-snippet:-1, max-image-preview:large, max-video-preview:-1\" \/>\n<link rel=\"canonical\" href=\"http:\/\/www.ballettschuleirmi.com\/?page_id=59\" \/>\n<meta property=\"og:locale\" content=\"de_DE\" \/>\n<meta property=\"og:type\" content=\"article\" \/>\n<meta property=\"og:title\" content=\"R\u00c4UMLICHKEITEN -\" \/>\n<meta property=\"og:description\" content=\"Suchen Sie nach einem geeigneten Raum f\u00fcr Ihre Kurse?Dann k\u00f6nnen Sie gerne unseren Ballettsaal mieten: Der 120m\u00b2 gro\u00dfe Saal ist mit einem professionellen Schwungboden mit Tanzteppich, einer gro\u00dfen Spiegelfront, Ballettstangen und Musikanlage ausgestattet. Garderobe und Sanit\u00e4ranlage stehen zur Verf\u00fcgung.\" \/>\n<meta property=\"og:url\" content=\"http:\/\/www.ballettschuleirmi.com\/?page_id=59\" \/>\n<meta property=\"article:publisher\" content=\"https:\/\/de-de.facebook.com\/pages\/category\/Organization\/Ballettschule-Irmi-140197292697721\/\" \/>\n<meta property=\"article:modified_time\" content=\"2023-10-09T15:35:23+00:00\" \/>\n<meta name=\"twitter:card\" content=\"summary_large_image\" \/>\n<meta name=\"twitter:label1\" content=\"Gesch\u00e4tzte Lesezeit\" \/>\n\t<meta name=\"twitter:data1\" content=\"1 Minute\" \/>\n<script type=\"application\/ld+json\" class=\"yoast-schema-graph\">{\"@context\":\"https:\/\/schema.org\",\"@graph\":[{\"@type\":\"WebPage\",\"@id\":\"http:\/\/www.ballettschuleirmi.com\/?page_id=59\",\"url\":\"http:\/\/www.ballettschuleirmi.com\/?page_id=59\",\"name\":\"R\u00c4UMLICHKEITEN -\",\"isPartOf\":{\"@id\":\"http:\/\/www.ballettschuleirmi.com\/#website\"},\"datePublished\":\"2020-03-09T10:38:40+00:00\",\"dateModified\":\"2023-10-09T15:35:23+00:00\",\"breadcrumb\":{\"@id\":\"http:\/\/www.ballettschuleirmi.com\/?page_id=59#breadcrumb\"},\"inLanguage\":\"de-AT\",\"potentialAction\":[{\"@type\":\"ReadAction\",\"target\":[\"http:\/\/www.ballettschuleirmi.com\/?page_id=59\"]}]},{\"@type\":\"BreadcrumbList\",\"@id\":\"http:\/\/www.ballettschuleirmi.com\/?page_id=59#breadcrumb\",\"itemListElement\":[{\"@type\":\"ListItem\",\"position\":1,\"name\":\"Home\",\"item\":\"http:\/\/www.ballettschuleirmi.com\/\"},{\"@type\":\"ListItem\",\"position\":2,\"name\":\"R\u00c4UMLICHKEITEN\"}]},{\"@type\":\"WebSite\",\"@id\":\"http:\/\/www.ballettschuleirmi.com\/#website\",\"url\":\"http:\/\/www.ballettschuleirmi.com\/\",\"name\":\"\",\"description\":\"Ballett Irmi Graz\",\"publisher\":{\"@id\":\"http:\/\/www.ballettschuleirmi.com\/#organization\"},\"potentialAction\":[{\"@type\":\"SearchAction\",\"target\":{\"@type\":\"EntryPoint\",\"urlTemplate\":\"http:\/\/www.ballettschuleirmi.com\/?s={search_term_string}\"},\"query-input\":\"required name=search_term_string\"}],\"inLanguage\":\"de-AT\"},{\"@type\":\"Organization\",\"@id\":\"http:\/\/www.ballettschuleirmi.com\/#organization\",\"name\":\"Ballettschule Irmi\",\"url\":\"http:\/\/www.ballettschuleirmi.com\/\",\"logo\":{\"@type\":\"ImageObject\",\"inLanguage\":\"de-AT\",\"@id\":\"http:\/\/www.ballettschuleirmi.com\/#\/schema\/logo\/image\/\",\"url\":\"http:\/\/www.ballettschuleirmi.com\/wp-content\/uploads\/2022\/04\/LOGO.jpg\",\"contentUrl\":\"http:\/\/www.ballettschuleirmi.com\/wp-content\/uploads\/2022\/04\/LOGO.jpg\",\"width\":338,\"height\":388,\"caption\":\"Ballettschule Irmi\"},\"image\":{\"@id\":\"http:\/\/www.ballettschuleirmi.com\/#\/schema\/logo\/image\/\"},\"sameAs\":[\"https:\/\/de-de.facebook.com\/pages\/category\/Organization\/Ballettschule-Irmi-140197292697721\/\",\"https:\/\/www.instagram.com\/ballettschule_irmi\/\"]}]}<\/script>\n<!-- \/ Yoast SEO plugin. -->","yoast_head_json":{"title":"R\u00c4UMLICHKEITEN -","robots":{"index":"index","follow":"follow","max-snippet":"max-snippet:-1","max-image-preview":"max-image-preview:large","max-video-preview":"max-video-preview:-1"},"canonical":"http:\/\/www.ballettschuleirmi.com\/?page_id=59","og_locale":"de_DE","og_type":"article","og_title":"R\u00c4UMLICHKEITEN -","og_description":"Suchen Sie nach einem geeigneten Raum f\u00fcr Ihre Kurse?Dann k\u00f6nnen Sie gerne unseren Ballettsaal mieten: Der 120m\u00b2 gro\u00dfe Saal ist mit einem professionellen Schwungboden mit Tanzteppich, einer gro\u00dfen Spiegelfront, Ballettstangen und Musikanlage ausgestattet. Garderobe und Sanit\u00e4ranlage stehen zur Verf\u00fcgung.","og_url":"http:\/\/www.ballettschuleirmi.com\/?page_id=59","article_publisher":"https:\/\/de-de.facebook.com\/pages\/category\/Organization\/Ballettschule-Irmi-140197292697721\/","article_modified_time":"2023-10-09T15:35:23+00:00","twitter_card":"summary_large_image","twitter_misc":{"Gesch\u00e4tzte Lesezeit":"1 Minute"},"schema":{"@context":"https:\/\/schema.org","@graph":[{"@type":"WebPage","@id":"http:\/\/www.ballettschuleirmi.com\/?page_id=59","url":"http:\/\/www.ballettschuleirmi.com\/?page_id=59","name":"R\u00c4UMLICHKEITEN -","isPartOf":{"@id":"http:\/\/www.ballettschuleirmi.com\/#website"},"datePublished":"2020-03-09T10:38:40+00:00","dateModified":"2023-10-09T15:35:23+00:00","breadcrumb":{"@id":"http:\/\/www.ballettschuleirmi.com\/?page_id=59#breadcrumb"},"inLanguage":"de-AT","potentialAction":[{"@type":"ReadAction","target":["http:\/\/www.ballettschuleirmi.com\/?page_id=59"]}]},{"@type":"BreadcrumbList","@id":"http:\/\/www.ballettschuleirmi.com\/?page_id=59#breadcrumb","itemListElement":[{"@type":"ListItem","position":1,"name":"Home","item":"http:\/\/www.ballettschuleirmi.com\/"},{"@type":"ListItem","position":2,"name":"R\u00c4UMLICHKEITEN"}]},{"@type":"WebSite","@id":"http:\/\/www.ballettschuleirmi.com\/#website","url":"http:\/\/www.ballettschuleirmi.com\/","name":"","description":"Ballett Irmi Graz","publisher":{"@id":"http:\/\/www.ballettschuleirmi.com\/#organization"},"potentialAction":[{"@type":"SearchAction","target":{"@type":"EntryPoint","urlTemplate":"http:\/\/www.ballettschuleirmi.com\/?s={search_term_string}"},"query-input":"required name=search_term_string"}],"inLanguage":"de-AT"},{"@type":"Organization","@id":"http:\/\/www.ballettschuleirmi.com\/#organization","name":"Ballettschule Irmi","url":"http:\/\/www.ballettschuleirmi.com\/","logo":{"@type":"ImageObject","inLanguage":"de-AT","@id":"http:\/\/www.ballettschuleirmi.com\/#\/schema\/logo\/image\/","url":"http:\/\/www.ballettschuleirmi.com\/wp-content\/uploads\/2022\/04\/LOGO.jpg","contentUrl":"http:\/\/www.ballettschuleirmi.com\/wp-content\/uploads\/2022\/04\/LOGO.jpg","width":338,"height":388,"caption":"Ballettschule Irmi"},"image":{"@id":"http:\/\/www.ballettschuleirmi.com\/#\/schema\/logo\/image\/"},"sameAs":["https:\/\/de-de.facebook.com\/pages\/category\/Organization\/Ballettschule-Irmi-140197292697721\/","https:\/\/www.instagram.com\/ballettschule_irmi\/"]}]}},"_links":{"self":[{"href":"http:\/\/www.ballettschuleirmi.com\/index.php?rest_route=\/wp\/v2\/pages\/59"}],"collection":[{"href":"http:\/\/www.ballettschuleirmi.com\/index.php?rest_route=\/wp\/v2\/pages"}],"about":[{"href":"http:\/\/www.ballettschuleirmi.com\/index.php?rest_route=\/wp\/v2\/types\/page"}],"author":[{"embeddable":true,"href":"http:\/\/www.ballettschuleirmi.com\/index.php?rest_route=\/wp\/v2\/users\/1"}],"replies":[{"embeddable":true,"href":"http:\/\/www.ballettschuleirmi.com\/index.php?rest_route=%2Fwp%2Fv2%2Fcomments&post=59"}],"version-history":[{"count":13,"href":"http:\/\/www.ballettschuleirmi.com\/index.php?rest_route=\/wp\/v2\/pages\/59\/revisions"}],"predecessor-version":[{"id":1057,"href":"http:\/\/www.ballettschuleirmi.com\/index.php?rest_route=\/wp\/v2\/pages\/59\/revisions\/1057"}],"wp:attachment":[{"href":"http:\/\/www.ballettschuleirmi.com\/index.php?rest_route=%2Fwp%2Fv2%2Fmedia&parent=59"}],"curies":[{"name":"wp","href":"https:\/\/api.w.org\/{rel}","templated":true}]}}